{"id":20,"date":"2024-01-03T21:23:51","date_gmt":"2024-01-03T21:23:51","guid":{"rendered":"https:\/\/www.quartett-verein.de\/?page_id=20"},"modified":"2026-01-24T13:26:16","modified_gmt":"2026-01-24T11:26:16","slug":"homepage","status":"publish","type":"page","link":"https:\/\/www.quartett-verein.de\/","title":{"rendered":"Startseite"},"content":{"rendered":"<div id=\"pl-20\"  class=\"panel-layout\" ><div id=\"pg-20-0\"  class=\"panel-grid panel-no-style\" ><div id=\"pgc-20-0-0\"  class=\"panel-grid-cell\" ><div id=\"panel-20-0-0-0\" class=\"so-panel widget widget_circleicon-widget panel-first-child panel-last-child\" data-index=\"0\" >\t\t<div class=\"circle-icon-box circle-icon-position-top circle-icon-hide-box circle-icon-size-small \">\n\t\t\t\t\t\t\t<div class=\"circle-icon-wrapper\">\n\t\t\t\t\t\t\t\t\t\t<div class=\"circle-icon\" >\n\t\t\t\t\t\t\t\t\t\t\t\t\t<div\n\t\t\t\t\t\t\t\tclass=\"fa fa-play-circle\"\n\t\t\t\t\t\t\t\t\t\t\t\t\t\t\t><\/div>\n\t\t\t\t\t\t\t\t\t\t\t<\/div>\n\t\t\t\t\t\t\t\t\t<\/div>\n\t\t\t\n\t\t\t\t\t\t\t\t\t\t<h4 >\n\t\t\t\t\tBlasorchester\t\t\t\t<\/h4>\n\t\t\t\t\t\t\n\t\t\t\t\t\t\t<p class=\"text\" >\n\t\t\t\tMit rund 30 engagierten Musikerinnen und Musikern bringt unser Blasorchester frischen Wind auf die B\u00fchne. Ob klassische Blasmusik, moderne Arrangements oder Filmmusik \u2013 das Repertoire ist so vielf\u00e4ltig wie das Orchester selbst. Seit Herbst 2021 steht das Ensemble unter der musikalischen Leitung von Samir M\u00fcller, der mit seinem Gesp\u00fcr f\u00fcr Klangfarben und Dynamik spannende Akzente setzt und das Orchester kontinuierlich weiterentwickelt.\t\t\t<\/p>\n\t\t\t\t\t\t\t\t<\/div>\n\t\t<\/div><\/div><div id=\"pgc-20-0-1\"  class=\"panel-grid-cell\" ><div id=\"panel-20-0-1-0\" class=\"so-panel widget widget_circleicon-widget panel-first-child panel-last-child\" data-index=\"1\" >\t\t<div class=\"circle-icon-box circle-icon-position-top circle-icon-hide-box circle-icon-size-small \">\n\t\t\t\t\t\t\t<div class=\"circle-icon-wrapper\">\n\t\t\t\t\t\t\t\t\t\t<div class=\"circle-icon\" >\n\t\t\t\t\t\t\t\t\t\t\t\t\t<div\n\t\t\t\t\t\t\t\tclass=\"fa fa-music\"\n\t\t\t\t\t\t\t\t\t\t\t\t\t\t\t><\/div>\n\t\t\t\t\t\t\t\t\t\t\t<\/div>\n\t\t\t\t\t\t\t\t\t<\/div>\n\t\t\t\n\t\t\t\t\t\t\t\t\t\t<h4 >\n\t\t\t\t\tDer gemischte Chor\t\t\t\t<\/h4>\n\t\t\t\t\t\t\n\t\t\t\t\t\t\t<p class=\"text\" >\n\t\t\t\tMit rund 35 S\u00e4ngerinnen und S\u00e4ngern vereint unser gemischter Chor Stimmen aus verschiedenen Altersgruppen und Klangfarben zu einem harmonischen Ganzen. Das Repertoire reicht von klassischer Chorliteratur bis hin zu modernen St\u00fccken \u2013 abwechslungsreich, emotional und stimmgewaltig. Seit Mai 2011 wird der Chor von Antonio Sarnjai geleitet, der mit musikalischem Feingef\u00fchl und langj\u00e4hriger Erfahrung f\u00fcr besondere Chormomente sorgt.\t\t\t<\/p>\n\t\t\t\t\t\t\t\t<\/div>\n\t\t<\/div><\/div><div id=\"pgc-20-0-2\"  class=\"panel-grid-cell\" ><div id=\"panel-20-0-2-0\" class=\"so-panel widget widget_circleicon-widget panel-first-child panel-last-child\" data-index=\"2\" >\t\t<div class=\"circle-icon-box circle-icon-position-top circle-icon-hide-box circle-icon-size-small \">\n\t\t\t\t\t\t\t<div class=\"circle-icon-wrapper\">\n\t\t\t\t\t\t\t\t\t\t<div class=\"circle-icon\" >\n\t\t\t\t\t\t\t\t\t\t\t\t\t<div\n\t\t\t\t\t\t\t\tclass=\"fa fa-child\"\n\t\t\t\t\t\t\t\t\t\t\t\t\t\t\t><\/div>\n\t\t\t\t\t\t\t\t\t\t\t<\/div>\n\t\t\t\t\t\t\t\t\t<\/div>\n\t\t\t\n\t\t\t\t\t\t\t\t\t\t<h4 >\n\t\t\t\t\tJugendband\t\t\t\t<\/h4>\n\t\t\t\t\t\t\n\t\t\t\t\t\t\t<p class=\"text\" >\n\t\t\t\tUnsere Jugendband ist das lebendige Ergebnis kontinuierlicher und engagierter Nachwuchsarbeit. Mit frischem Sound, kreativen Ideen und gro\u00dfer Spielfreude bringt die Band moderne Songs und eigene Interpretationen auf die B\u00fchne. Geleitet wird das junge Ensemble von Johannes Christ, der mit viel Begeisterung und p\u00e4dagogischem Feingef\u00fchl die musikalische Entwicklung der Band begleitet und f\u00f6rdert.\t\t\t<\/p>\n\t\t\t\t\t\t\t\t<\/div>\n\t\t<\/div><\/div><div id=\"pgc-20-0-3\"  class=\"panel-grid-cell\" ><div id=\"panel-20-0-3-0\" class=\"so-panel widget widget_circleicon-widget panel-first-child panel-last-child\" data-index=\"3\" >\t\t<div class=\"circle-icon-box circle-icon-position-top circle-icon-hide-box circle-icon-size-small \">\n\t\t\t\t\t\t\t<div class=\"circle-icon-wrapper\">\n\t\t\t\t\t\t\t\t\t\t<div class=\"circle-icon\" >\n\t\t\t\t\t\t\t\t\t\t\t\t\t<div\n\t\t\t\t\t\t\t\tclass=\"fa fa-music\"\n\t\t\t\t\t\t\t\t\t\t\t\t\t\t\t><\/div>\n\t\t\t\t\t\t\t\t\t\t\t<\/div>\n\t\t\t\t\t\t\t\t\t<\/div>\n\t\t\t\n\t\t\t\t\t\t\t\t\t\t<h4 >\n\t\t\t\t\tModernQ\t\t\t\t<\/h4>\n\t\t\t\t\t\t\n\t\t\t\t\t\t\t<p class=\"text\" >\n\t\t\t\tDu liebst moderne Chormusik und mitrei\u00dfende Arrangements? Dann bist du bei ModernQ genau richtig! Seit \u00fcber 20 Jahren begeistert unser Chor mit Songs aus Pop, Rock und den aktuellen Charts \u2013 mal gef\u00fchlvoll, mal kraftvoll, aber immer mit Leidenschaft. Seit 2025 steht ModernQ unter der musikalischen Leitung von Antonio Sarnjai, der mit frischen Ideen und kreativer Energie neue Impulse setzt.\t\t\t<\/p>\n\t\t\t\t\t\t\t\t<\/div>\n\t\t<\/div><\/div><\/div><div id=\"pg-20-1\"  class=\"panel-grid panel-has-style\" ><div class=\"wide-grey panel-row-style panel-row-style-for-20-1\" ><div id=\"pgc-20-1-0\"  class=\"panel-grid-cell\" ><div id=\"panel-20-1-0-0\" class=\"so-panel widget widget_text panel-first-child\" data-index=\"4\" ><h3 class=\"widget-title\">Unsere Mission<\/h3>\t\t\t<div class=\"textwidget\"><p>Ein guter Musikunterricht ist die Basis daf\u00fcr, dass auch zuk\u00fcnftig Vereine wie der Quartett-Verein eine attraktive Anlaufstelle f\u00fcr diejenigen ist, die mit Musik und Engagement die kulturelle Vielfalt in unserem Land weiter f\u00fchren und mit gestalten wollen. Gerne k\u00f6nnen sie uns ob mit oder ohne Vereins-Mitgliedschaft eine finanzielle Zuwendung zukommen lassen. Sie Unterst\u00fctzen damit auch die Jugendarbeit und Kulturf\u00f6rderung.<\/p>\n<p>Vielen Dank!<\/p>\n<p><em><strong>Bank: VB Alzey Worms<\/strong><\/em><br \/>\n<em><strong>IBAN: DE83 5509 1200 0084 2281 09<\/strong><\/em><\/p>\n<p>Ihr Quartett Verein aus Ober-Olm.<\/p>\n<\/div>\n\t\t<\/div><div id=\"panel-20-1-0-1\" class=\"so-panel widget widget_text panel-last-child\" data-index=\"5\" ><div class=\"so-rounded panel-widget-style panel-widget-style-for-20-1-0-1\" >\t\t\t<div class=\"textwidget\"><div style=\"text-align: center;\"><strong data-start=\"66\" data-end=\"92\">Bleiben Sie verbunden!<\/strong><br data-start=\"92\" data-end=\"95\" \/>Neuigkeiten, Impressionen und Ank\u00fcndigungen ver\u00f6ffentlichen wir fortlaufend auf unseren Social-Media-Kan\u00e4len.<br data-start=\"204\" data-end=\"207\" \/>Schauen Sie gerne bei <strong data-start=\"229\" data-end=\"241\">Facebook<\/strong> oder <strong data-start=\"247\" data-end=\"260\">Instagram<\/strong> vorbei und entdecken Sie, was es Neues gibt.<\/div>\n<\/div>\n\t\t<\/div><\/div><\/div><\/div><\/div><div id=\"pg-20-2\"  class=\"panel-grid panel-no-style\" ><div id=\"pgc-20-2-0\"  class=\"panel-grid-cell\" ><div id=\"panel-20-2-0-0\" class=\"so-panel widget widget_siteorigin-panels-postloop panel-first-child panel-last-child\" data-index=\"6\" ><h3 class=\"widget-title\"><span class=\"vantage-carousel-title\"><span class=\"vantage-carousel-title-text\">Aktuelle Beitr\u00e4ge<\/span><a href=\"#\" class=\"next\" title=\"N\u00e4chster\"><span class=\"vantage-icon-arrow-right\"><\/span><\/a><a href=\"#\" class=\"previous\" title=\"Vorheriger\"><span class=\"vantage-icon-arrow-left\"><\/span><\/a><\/span><\/h3><div class=\"vantage-carousel-wrapper\">\n\t\n\t<ul\n\t\tclass=\"vantage-carousel\"\n\t\tdata-query=\"{&quot;post_status&quot;:&quot;publish&quot;,&quot;posts_per_page&quot;:5,&quot;post_type&quot;:&quot;post&quot;,&quot;tax_query_relation&quot;:&quot;OR&quot;,&quot;date_type&quot;:&quot;specific&quot;,&quot;date_query&quot;:{&quot;after&quot;:&quot;&quot;,&quot;before&quot;:&quot;&quot;,&quot;inclusive&quot;:true},&quot;date_query_relative&quot;:&quot;{\\&quot;from\\&quot;:{\\&quot;value\\&quot;:0,\\&quot;unit\\&quot;:\\&quot;days\\&quot;},\\&quot;to\\&quot;:{\\&quot;value\\&quot;:0,\\&quot;unit\\&quot;:\\&quot;days\\&quot;}}&quot;,&quot;orderby&quot;:&quot;date&quot;,&quot;order&quot;:&quot;DESC&quot;,&quot;post__not_in&quot;:[20,20],&quot;paged&quot;:1,&quot;fields&quot;:&quot;all&quot;,&quot;lazy_load_term_meta&quot;:true}\"\n\t\tdata-ajax-url=\"https:\/\/www.quartett-verein.de\/wp-admin\/admin-ajax.php?vantage_carousel_nonce=1961f0e164\"\n\t>\n\t\t\t\t\t<li class=\"carousel-entry\">\n\t\t\t\t<div class=\"thumbnail\">\n\t\t\t\t\t\t\t\t\t\t\t<a href=\"https:\/\/www.quartett-verein.de\/?p=212\" style=\"background-image: url(https:\/\/www.quartett-verein.de\/wp-content\/uploads\/2025\/09\/jk2025-vorschau-272x182.jpg)\">\n\t\t\t\t\t\t<\/a>\n\t\t\t\t\t\t\t\t\t<\/div>\n\t\t\t\t\t\t\t\t<h3><a href=\"https:\/\/www.quartett-verein.de\/?p=212\">Jahreskonzert 2025<\/a><\/h3>\n\t\t\t<\/li>\n\t\t\t\t\t<li class=\"carousel-entry\">\n\t\t\t\t<div class=\"thumbnail\">\n\t\t\t\t\t\t\t\t\t\t\t<a href=\"https:\/\/www.quartett-verein.de\/?p=167\" style=\"background-image: url(https:\/\/www.quartett-verein.de\/wp-content\/uploads\/2025\/06\/Sommerfest2025_Plakat_A3_mit-Logos-272x182.jpg)\">\n\t\t\t\t\t\t<\/a>\n\t\t\t\t\t\t\t\t\t<\/div>\n\t\t\t\t\t\t\t\t<h3><a href=\"https:\/\/www.quartett-verein.de\/?p=167\">Sommerfest 2025<\/a><\/h3>\n\t\t\t<\/li>\n\t\t\t\t\t<li class=\"carousel-entry\">\n\t\t\t\t<div class=\"thumbnail\">\n\t\t\t\t\t\t\t\t\t\t\t<a href=\"https:\/\/www.quartett-verein.de\/?p=125\" style=\"background-image: url(https:\/\/www.quartett-verein.de\/wp-content\/uploads\/2024\/10\/2024_QVJK_Plakat3_web-272x182.jpg)\">\n\t\t\t\t\t\t<\/a>\n\t\t\t\t\t\t\t\t\t<\/div>\n\t\t\t\t\t\t\t\t<h3><a href=\"https:\/\/www.quartett-verein.de\/?p=125\">Jahreskonzert 2024<\/a><\/h3>\n\t\t\t<\/li>\n\t\t\t\t\t<li class=\"carousel-entry\">\n\t\t\t\t<div class=\"thumbnail\">\n\t\t\t\t\t\t\t\t\t\t\t<a href=\"https:\/\/www.quartett-verein.de\/?p=119\" style=\"background-image: url(https:\/\/www.quartett-verein.de\/wp-content\/uploads\/2024\/07\/Sommerfest2024_Plakat_web-272x182.jpg)\">\n\t\t\t\t\t\t<\/a>\n\t\t\t\t\t\t\t\t\t<\/div>\n\t\t\t\t\t\t\t\t<h3><a href=\"https:\/\/www.quartett-verein.de\/?p=119\">Sommerfest 2024<\/a><\/h3>\n\t\t\t<\/li>\n\t\t\t\t\t<li class=\"carousel-entry\">\n\t\t\t\t<div class=\"thumbnail\">\n\t\t\t\t\t\t\t\t\t\t\t<a href=\"https:\/\/www.quartett-verein.de\/?p=86\" style=\"background-image: url(https:\/\/www.quartett-verein.de\/wp-content\/uploads\/2024\/01\/2023_schuelergruppe-272x182.jpg)\">\n\t\t\t\t\t\t<\/a>\n\t\t\t\t\t\t\t\t\t<\/div>\n\t\t\t\t\t\t\t\t<h3><a href=\"https:\/\/www.quartett-verein.de\/?p=86\">B\u00fchne frei f\u00fcr junge Talente<\/a><\/h3>\n\t\t\t<\/li>\n\t\t\t<\/ul>\n<\/div>\n<\/div><\/div><div id=\"pgc-20-2-1\"  class=\"panel-grid-cell\" ><div id=\"panel-20-2-1-0\" class=\"so-panel widget widget_text panel-first-child panel-last-child\" data-index=\"7\" ><h3 class=\"widget-title\">Probezeiten:<\/h3>\t\t\t<div class=\"textwidget\"><p>Gemischter Chor montags, 18:00 &#8211; 19:30 Uhr<\/p>\n<p>Modern Q mittwochs, 19:30 &#8211; 21:00 Uhr<\/p>\n<p>Sch\u00fclerband donnerstags, 17:45 &#8211; 18:30 Uhr<\/p>\n<p>Jugendband donnerstags, 18:30 &#8211; 19:45 Uhr<\/p>\n<p>Blasorchester donnerstags, 20:00 &#8211; 22:00 Uhr<\/p>\n<\/div>\n\t\t<\/div><\/div><div id=\"pgc-20-2-2\"  class=\"panel-grid-cell\" ><div id=\"panel-20-2-2-0\" class=\"so-panel widget widget_vantage-social-media panel-first-child panel-last-child\" data-index=\"8\" ><h3 class=\"widget-title\">Der QV bei Facebook, Instagram, E-Mail<\/h3>\t\t\t\t<a\n\t\t\t\t\tclass=\"social-media-icon social-media-icon-facebook social-media-icon-size-large\"\n\t\t\t\t\thref=\"https:\/\/www.facebook.com\/QVOberOlm\"\n\t\t\t\t\ttitle=\"Quartett-Verein 1863 Ober-Olm e.V. Facebook\"\n\t\t\t\t\t\t\t\t\t>\n\t\t\t\t\t<span class=\"fa fa-facebook\"><\/span>\t\t\t\t<\/a>\n\t\t\t\t\t\t\t\t<a\n\t\t\t\t\tclass=\"social-media-icon social-media-icon-instagram social-media-icon-size-large\"\n\t\t\t\t\thref=\"https:\/\/www.instagram.com\/qv_oberolm\/\"\n\t\t\t\t\ttitle=\"Quartett-Verein 1863 Ober-Olm e.V. Instagram\"\n\t\t\t\t\t\t\t\t\t>\n\t\t\t\t\t<span class=\"fa fa-instagram\"><\/span>\t\t\t\t<\/a>\n\t\t\t\t\t\t\t\t<a\n\t\t\t\t\tclass=\"social-media-icon social-media-icon-envelope social-media-icon-size-large\"\n\t\t\t\t\thref=\"mailto:vorstand@quartett-verein.de\"\n\t\t\t\t\ttitle=\"Quartett-Verein 1863 Ober-Olm e.V. E-Mail\"\n\t\t\t\t\t\t\t\t\t>\n\t\t\t\t\t<span class=\"fa fa-envelope\"><\/span>\t\t\t\t<\/a>\n\t\t\t\t<\/div><\/div><\/div><\/div>","protected":false},"excerpt":{"rendered":"<p>Ein guter Musikunterricht ist die Basis daf\u00fcr, dass auch zuk\u00fcnftig Vereine wie der Quartett-Verein eine attraktive Anlaufstelle f\u00fcr diejenigen ist, die mit Musik und Engagement die kulturelle Vielfalt in unserem Land weiter f\u00fchren und mit gestalten wollen. Gerne k\u00f6nnen sie uns ob mit oder ohne Vereins-Mitgliedschaft eine finanzielle Zuwendung zukommen lassen. Sie Unterst\u00fctzen damit auch [&hellip;]<\/p>\n","protected":false},"author":1,"featured_media":0,"parent":0,"menu_order":0,"comment_status":"closed","ping_status":"closed","template":"home-panels.php","meta":{"footnotes":""},"class_list":["post-20","page","type-page","status-publish","hentry","post"],"_links":{"self":[{"href":"https:\/\/www.quartett-verein.de\/index.php?rest_route=\/wp\/v2\/pages\/20","targetHints":{"allow":["GET"]}}],"collection":[{"href":"https:\/\/www.quartett-verein.de\/index.php?rest_route=\/wp\/v2\/pages"}],"about":[{"href":"https:\/\/www.quartett-verein.de\/index.php?rest_route=\/wp\/v2\/types\/page"}],"author":[{"embeddable":true,"href":"https:\/\/www.quartett-verein.de\/index.php?rest_route=\/wp\/v2\/users\/1"}],"replies":[{"embeddable":true,"href":"https:\/\/www.quartett-verein.de\/index.php?rest_route=%2Fwp%2Fv2%2Fcomments&post=20"}],"version-history":[{"count":55,"href":"https:\/\/www.quartett-verein.de\/index.php?rest_route=\/wp\/v2\/pages\/20\/revisions"}],"predecessor-version":[{"id":240,"href":"https:\/\/www.quartett-verein.de\/index.php?rest_route=\/wp\/v2\/pages\/20\/revisions\/240"}],"wp:attachment":[{"href":"https:\/\/www.quartett-verein.de\/index.php?rest_route=%2Fwp%2Fv2%2Fmedia&parent=20"}],"curies":[{"name":"wp","href":"https:\/\/api.w.org\/{rel}","templated":true}]}}