{"id":250,"date":"2026-02-08T11:41:17","date_gmt":"2026-02-08T09:41:17","guid":{"rendered":"https:\/\/www.quartett-verein.de\/?page_id=250"},"modified":"2026-02-08T11:41:17","modified_gmt":"2026-02-08T09:41:17","slug":"modernq","status":"publish","type":"page","link":"https:\/\/www.quartett-verein.de\/?page_id=250","title":{"rendered":"ModernQ"},"content":{"rendered":"<p>Du liebst moderne Chormusik und mitrei\u00dfende Arrangements? Dann bist du bei ModernQ genau richtig! Seit \u00fcber 20 Jahren begeistert unser Chor mit Songs aus Pop, Rock und den aktuellen Charts \u2013 mal gef\u00fchlvoll, mal kraftvoll, aber immer mit Leidenschaft. Seit 2025 steht ModernQ unter der musikalischen Leitung von Antonio Sarnjai, der mit frischen Ideen und kreativer Energie neue Impulse setzt.<\/p>\n<p>Neben vielen Auftritten im Jahr, veranstaltet der Quartett-Verein auch Chorwettbewerbe.<\/p>\n<p><strong>2019: Moderne Ch\u00f6re in der Ulmenhalle<\/strong><\/p>\n<p><img loading=\"lazy\" decoding=\"async\" class=\"alignnone size-large wp-image-251\" src=\"https:\/\/www.quartett-verein.de\/wp-content\/uploads\/2026\/02\/IMG_2594-1024x768.jpg\" alt=\"\" width=\"720\" height=\"540\" srcset=\"https:\/\/www.quartett-verein.de\/wp-content\/uploads\/2026\/02\/IMG_2594-1024x768.jpg 1024w, https:\/\/www.quartett-verein.de\/wp-content\/uploads\/2026\/02\/IMG_2594-300x225.jpg 300w, https:\/\/www.quartett-verein.de\/wp-content\/uploads\/2026\/02\/IMG_2594-768x576.jpg 768w, https:\/\/www.quartett-verein.de\/wp-content\/uploads\/2026\/02\/IMG_2594-1536x1152.jpg 1536w, https:\/\/www.quartett-verein.de\/wp-content\/uploads\/2026\/02\/IMG_2594.jpg 1600w\" sizes=\"auto, (max-width: 720px) 100vw, 720px\" \/><br \/>\nAuf initiative von MQ des Quartett-Vereins Ober-Olm 1863 e.V. trafen sich erstmalig am 7. April Moderne Ch\u00f6re in der Ulmenhalle Ober-Olm. Unter dem Dirigat von Tobias Querbach, der f\u00fcr unseren Dirigenten David Krahl, der leider verhindert war, kurzfristig einsprang, bescherte der Chor den begeisterten und sehr disziplinierten Zuh\u00f6rern in der Ulmenhalle einen kurzweiligen und farbenfrohen Nachmittag, zu dem auch die G\u00e4ste \u201eHeart Chor\u201c aus Laubenheim,\u201eThe Voices\u201c aus Ober-Olm, Der Frauenchor \u201eChoralikra\u201c Nieder-Olm, Chorgemeinschaft Essenheim,<br \/>\nMG Schornsheim und dem S\u00e4ngerkreis Sch\u00f6llenbach, ihren beeindruckenden Teil dazu beitrugen. J\u00f6rg R\u00f6scher f\u00fchrte mit Humor und Schwung souver\u00e4n durch das Programm.<br \/>\nOb Rock, Pop, Gospel oder Schlager \u2013 das Programm bot f\u00fcr jeden Geschmack etwas.<br \/>\nMit S\u00e4ngerinnen und dem Publikum beendete Matthias Becker 1.Vorsitzender mit dem S\u00e4ngergru\u00df \u201eDu Land der Burgen und W\u00e4lder\u201c den musikalischen Teil des unterhaltsamen \u201eTreffen der Modernen Ch\u00f6re\u201c.<br \/>\nAnschlie\u00dfend wurde das reichhaltige und abwechslungsreiche Buffett er\u00f6ffnet und der Nachmittag mit vielen netten Gespr\u00e4chen und neuen Freundschaften ausklingen lassen.<br \/>\nDanke nochmals an Tobias Querbach f\u00fcr seinen spontanen Einsatz.<br \/>\nAllen Helfern ein Dankesch\u00f6n f\u00fcr die gro\u00dfe Unterst\u00fctzung.<\/p>\n","protected":false},"excerpt":{"rendered":"<p>Du liebst moderne Chormusik und mitrei\u00dfende Arrangements? Dann bist du bei ModernQ genau richtig! Seit \u00fcber 20 Jahren begeistert unser Chor mit Songs aus Pop, Rock und den aktuellen Charts \u2013 mal gef\u00fchlvoll, mal kraftvoll, aber immer mit Leidenschaft. Seit 2025 steht ModernQ unter der musikalischen Leitung von Antonio Sarnjai, der mit frischen Ideen und [&hellip;]<\/p>\n","protected":false},"author":1,"featured_media":0,"parent":0,"menu_order":0,"comment_status":"closed","ping_status":"closed","template":"","meta":{"footnotes":""},"class_list":["post-250","page","type-page","status-publish","hentry","post"],"_links":{"self":[{"href":"https:\/\/www.quartett-verein.de\/index.php?rest_route=\/wp\/v2\/pages\/250","targetHints":{"allow":["GET"]}}],"collection":[{"href":"https:\/\/www.quartett-verein.de\/index.php?rest_route=\/wp\/v2\/pages"}],"about":[{"href":"https:\/\/www.quartett-verein.de\/index.php?rest_route=\/wp\/v2\/types\/page"}],"author":[{"embeddable":true,"href":"https:\/\/www.quartett-verein.de\/index.php?rest_route=\/wp\/v2\/users\/1"}],"replies":[{"embeddable":true,"href":"https:\/\/www.quartett-verein.de\/index.php?rest_route=%2Fwp%2Fv2%2Fcomments&post=250"}],"version-history":[{"count":1,"href":"https:\/\/www.quartett-verein.de\/index.php?rest_route=\/wp\/v2\/pages\/250\/revisions"}],"predecessor-version":[{"id":252,"href":"https:\/\/www.quartett-verein.de\/index.php?rest_route=\/wp\/v2\/pages\/250\/revisions\/252"}],"wp:attachment":[{"href":"https:\/\/www.quartett-verein.de\/index.php?rest_route=%2Fwp%2Fv2%2Fmedia&parent=250"}],"curies":[{"name":"wp","href":"https:\/\/api.w.org\/{rel}","templated":true}]}}